{"id":1727,"date":"2020-08-22T14:18:35","date_gmt":"2020-08-22T12:18:35","guid":{"rendered":"http:\/\/localhost:8888\/?page_id=1727"},"modified":"2024-11-14T10:32:13","modified_gmt":"2024-11-14T09:32:13","slug":"werkstatt","status":"publish","type":"page","link":"https:\/\/evastrepp.de\/en\/ueber-uns\/werkstatt\/","title":{"rendered":"atelier"},"content":{"rendered":"<div data-elementor-type=\"wp-page\" data-elementor-id=\"1727\" class=\"elementor elementor-1727\" data-elementor-post-type=\"page\">\n\t\t\t\t\t\t<section class=\"elementor-section elementor-top-section elementor-element elementor-element-618f0a2 elementor-section-boxed elementor-section-height-default elementor-section-height-default\" data-id=\"618f0a2\" data-element_type=\"section\" data-e-type=\"section\">\n\t\t\t\t\t\t<div class=\"elementor-container elementor-column-gap-default\">\n\t\t\t\t\t<div class=\"elementor-column elementor-col-100 elementor-top-column elementor-element elementor-element-a9153d2\" data-id=\"a9153d2\" data-element_type=\"column\" data-e-type=\"column\">\n\t\t\t<div class=\"elementor-widget-wrap elementor-element-populated\">\n\t\t\t\t\t\t<div class=\"elementor-element elementor-element-3518fb8 elementor-widget elementor-widget-gallery\" data-id=\"3518fb8\" data-element_type=\"widget\" data-e-type=\"widget\" data-settings=\"{&quot;columns&quot;:3,&quot;image_hover_animation&quot;:&quot;grow&quot;,&quot;columns_tablet&quot;:3,&quot;gallery_layout&quot;:&quot;grid&quot;,&quot;columns_mobile&quot;:1,&quot;gap&quot;:{&quot;unit&quot;:&quot;px&quot;,&quot;size&quot;:10,&quot;sizes&quot;:[]},&quot;gap_tablet&quot;:{&quot;unit&quot;:&quot;px&quot;,&quot;size&quot;:10,&quot;sizes&quot;:[]},&quot;gap_mobile&quot;:{&quot;unit&quot;:&quot;px&quot;,&quot;size&quot;:10,&quot;sizes&quot;:[]},&quot;link_to&quot;:&quot;file&quot;,&quot;aspect_ratio&quot;:&quot;3:2&quot;,&quot;overlay_background&quot;:&quot;yes&quot;,&quot;content_hover_animation&quot;:&quot;fade-in&quot;}\" data-widget_type=\"gallery.default\">\n\t\t\t\t<div class=\"elementor-widget-container\">\n\t\t\t\t\t\t\t<div class=\"elementor-gallery__container\">\n\t\t\t\t\t\t\t<a class=\"e-gallery-item elementor-gallery-item elementor-animated-content\" href=\"https:\/\/evastrepp.de\/wp-content\/uploads\/2020\/08\/werkstatt1.jpg\" data-elementor-open-lightbox=\"yes\" data-elementor-lightbox-slideshow=\"3518fb8\" data-elementor-lightbox-title=\"werkstatt\" data-e-action-hash=\"#elementor-action%3Aaction%3Dlightbox%26settings%3DeyJpZCI6MTc1OSwidXJsIjoiaHR0cHM6XC9cL2V2YXN0cmVwcC5kZVwvd3AtY29udGVudFwvdXBsb2Fkc1wvMjAyMFwvMDhcL3dlcmtzdGF0dDEuanBnIiwic2xpZGVzaG93IjoiMzUxOGZiOCJ9\">\n\t\t\t\t\t<div class=\"e-gallery-image elementor-gallery-item__image\" data-thumbnail=\"https:\/\/evastrepp.de\/wp-content\/uploads\/2020\/08\/werkstatt1.jpg\" data-width=\"1920\" data-height=\"1280\" aria-label=\"atelier\" role=\"img\" ><\/div>\n\t\t\t\t\t\t\t\t\t\t\t<div class=\"elementor-gallery-item__overlay\"><\/div>\n\t\t\t\t\t\t\t\t\t\t\t\t\t\t<\/a>\n\t\t\t\t\t\t\t<a class=\"e-gallery-item elementor-gallery-item elementor-animated-content\" href=\"https:\/\/evastrepp.de\/wp-content\/uploads\/2020\/08\/werkstatt4.jpg\" data-elementor-open-lightbox=\"yes\" data-elementor-lightbox-slideshow=\"3518fb8\" data-elementor-lightbox-title=\"werkstatt\" data-e-action-hash=\"#elementor-action%3Aaction%3Dlightbox%26settings%3DeyJpZCI6MTc2MCwidXJsIjoiaHR0cHM6XC9cL2V2YXN0cmVwcC5kZVwvd3AtY29udGVudFwvdXBsb2Fkc1wvMjAyMFwvMDhcL3dlcmtzdGF0dDQuanBnIiwic2xpZGVzaG93IjoiMzUxOGZiOCJ9\">\n\t\t\t\t\t<div class=\"e-gallery-image elementor-gallery-item__image\" data-thumbnail=\"https:\/\/evastrepp.de\/wp-content\/uploads\/2020\/08\/werkstatt4.jpg\" data-width=\"1920\" data-height=\"1280\" aria-label=\"atelier\" role=\"img\" ><\/div>\n\t\t\t\t\t\t\t\t\t\t\t<div class=\"elementor-gallery-item__overlay\"><\/div>\n\t\t\t\t\t\t\t\t\t\t\t\t\t\t<\/a>\n\t\t\t\t\t\t\t<a class=\"e-gallery-item elementor-gallery-item elementor-animated-content\" href=\"https:\/\/evastrepp.de\/wp-content\/uploads\/2023\/10\/werkstatt5-23-1.jpg\" data-elementor-open-lightbox=\"yes\" data-elementor-lightbox-slideshow=\"3518fb8\" data-e-action-hash=\"#elementor-action%3Aaction%3Dlightbox%26settings%3DeyJpZCI6NDQxOCwidXJsIjoiaHR0cHM6XC9cL2V2YXN0cmVwcC5kZVwvd3AtY29udGVudFwvdXBsb2Fkc1wvMjAyM1wvMTBcL3dlcmtzdGF0dDUtMjMtMS5qcGciLCJzbGlkZXNob3ciOiIzNTE4ZmI4In0%3D\">\n\t\t\t\t\t<div class=\"e-gallery-image elementor-gallery-item__image\" data-thumbnail=\"https:\/\/evastrepp.de\/wp-content\/uploads\/2023\/10\/werkstatt5-23-1.jpg\" data-width=\"1920\" data-height=\"1280\" aria-label=\"\" role=\"img\" ><\/div>\n\t\t\t\t\t\t\t\t\t\t\t<div class=\"elementor-gallery-item__overlay\"><\/div>\n\t\t\t\t\t\t\t\t\t\t\t\t\t\t<\/a>\n\t\t\t\t\t<\/div>\n\t\t\t\t\t<\/div>\n\t\t\t\t<\/div>\n\t\t\t\t\t<\/div>\n\t\t<\/div>\n\t\t\t\t\t<\/div>\n\t\t<\/section>\n\t\t\t\t<section class=\"elementor-section elementor-top-section elementor-element elementor-element-999daf9 elementor-section-boxed elementor-section-height-default elementor-section-height-default\" data-id=\"999daf9\" data-element_type=\"section\" data-e-type=\"section\">\n\t\t\t\t\t\t<div class=\"elementor-container elementor-column-gap-default\">\n\t\t\t\t\t<div class=\"elementor-column elementor-col-100 elementor-top-column elementor-element elementor-element-a344e58\" data-id=\"a344e58\" data-element_type=\"column\" data-e-type=\"column\">\n\t\t\t<div class=\"elementor-widget-wrap elementor-element-populated\">\n\t\t\t\t\t\t<div class=\"elementor-element elementor-element-f6213bc elementor-widget elementor-widget-text-editor\" data-id=\"f6213bc\" data-element_type=\"widget\" data-e-type=\"widget\" data-widget_type=\"text-editor.default\">\n\t\t\t\t<div class=\"elementor-widget-container\">\n\t\t\t\t\t\t\t\t\t<p>pearls are the heart of our work.<\/p><p>therefore, we use only pearls of highest quality -<br \/>they are flawless, have a beautiful shine and a vivid iridescence.<br \/>white pearls occur in numerous shades, from cool bluish colours to warm rose and creme tones.<br \/>I carefully collect them piece by piece and sort them according to size and colour.<br \/>for silver or steel jewellery I choose cool, for gold warm coloured pearls.<\/p>\t\t\t\t\t\t\t\t<\/div>\n\t\t\t\t<\/div>\n\t\t\t\t<div class=\"elementor-element elementor-element-382fa73 elementor-widget elementor-widget-spacer\" data-id=\"382fa73\" data-element_type=\"widget\" data-e-type=\"widget\" data-widget_type=\"spacer.default\">\n\t\t\t\t<div class=\"elementor-widget-container\">\n\t\t\t\t\t\t\t<div class=\"elementor-spacer\">\n\t\t\t<div class=\"elementor-spacer-inner\"><\/div>\n\t\t<\/div>\n\t\t\t\t\t\t<\/div>\n\t\t\t\t<\/div>\n\t\t\t\t\t<\/div>\n\t\t<\/div>\n\t\t\t\t\t<\/div>\n\t\t<\/section>\n\t\t\t\t<section class=\"elementor-section elementor-top-section elementor-element elementor-element-c65bbe9 elementor-section-boxed elementor-section-height-default elementor-section-height-default\" data-id=\"c65bbe9\" data-element_type=\"section\" data-e-type=\"section\">\n\t\t\t\t\t\t<div class=\"elementor-container elementor-column-gap-default\">\n\t\t\t\t\t<div class=\"elementor-column elementor-col-100 elementor-top-column elementor-element elementor-element-5c9970f\" data-id=\"5c9970f\" data-element_type=\"column\" data-e-type=\"column\">\n\t\t\t<div class=\"elementor-widget-wrap elementor-element-populated\">\n\t\t\t\t\t\t<div class=\"elementor-element elementor-element-50995e1 elementor-widget elementor-widget-gallery\" data-id=\"50995e1\" data-element_type=\"widget\" data-e-type=\"widget\" data-settings=\"{&quot;columns&quot;:3,&quot;image_hover_animation&quot;:&quot;grow&quot;,&quot;columns_tablet&quot;:3,&quot;gallery_layout&quot;:&quot;grid&quot;,&quot;columns_mobile&quot;:1,&quot;gap&quot;:{&quot;unit&quot;:&quot;px&quot;,&quot;size&quot;:10,&quot;sizes&quot;:[]},&quot;gap_tablet&quot;:{&quot;unit&quot;:&quot;px&quot;,&quot;size&quot;:10,&quot;sizes&quot;:[]},&quot;gap_mobile&quot;:{&quot;unit&quot;:&quot;px&quot;,&quot;size&quot;:10,&quot;sizes&quot;:[]},&quot;link_to&quot;:&quot;file&quot;,&quot;aspect_ratio&quot;:&quot;3:2&quot;,&quot;overlay_background&quot;:&quot;yes&quot;,&quot;content_hover_animation&quot;:&quot;fade-in&quot;}\" data-widget_type=\"gallery.default\">\n\t\t\t\t<div class=\"elementor-widget-container\">\n\t\t\t\t\t\t\t<div class=\"elementor-gallery__container\">\n\t\t\t\t\t\t\t<a class=\"e-gallery-item elementor-gallery-item elementor-animated-content\" href=\"https:\/\/evastrepp.de\/wp-content\/uploads\/2020\/08\/werkstatt6.jpg\" data-elementor-open-lightbox=\"yes\" data-elementor-lightbox-slideshow=\"50995e1\" data-elementor-lightbox-title=\"werkstatt\" data-e-action-hash=\"#elementor-action%3Aaction%3Dlightbox%26settings%3DeyJpZCI6MTc2MywidXJsIjoiaHR0cHM6XC9cL2V2YXN0cmVwcC5kZVwvd3AtY29udGVudFwvdXBsb2Fkc1wvMjAyMFwvMDhcL3dlcmtzdGF0dDYuanBnIiwic2xpZGVzaG93IjoiNTA5OTVlMSJ9\">\n\t\t\t\t\t<div class=\"e-gallery-image elementor-gallery-item__image\" data-thumbnail=\"https:\/\/evastrepp.de\/wp-content\/uploads\/2020\/08\/werkstatt6.jpg\" data-width=\"1920\" data-height=\"1280\" aria-label=\"atelier\" role=\"img\" ><\/div>\n\t\t\t\t\t\t\t\t\t\t\t<div class=\"elementor-gallery-item__overlay\"><\/div>\n\t\t\t\t\t\t\t\t\t\t\t\t\t\t<\/a>\n\t\t\t\t\t\t\t<a class=\"e-gallery-item elementor-gallery-item elementor-animated-content\" href=\"https:\/\/evastrepp.de\/wp-content\/uploads\/2023\/10\/werkstatt7-23.jpg\" data-elementor-open-lightbox=\"yes\" data-elementor-lightbox-slideshow=\"50995e1\" data-e-action-hash=\"#elementor-action%3Aaction%3Dlightbox%26settings%3DeyJpZCI6NDQxOSwidXJsIjoiaHR0cHM6XC9cL2V2YXN0cmVwcC5kZVwvd3AtY29udGVudFwvdXBsb2Fkc1wvMjAyM1wvMTBcL3dlcmtzdGF0dDctMjMuanBnIiwic2xpZGVzaG93IjoiNTA5OTVlMSJ9\">\n\t\t\t\t\t<div class=\"e-gallery-image elementor-gallery-item__image\" data-thumbnail=\"https:\/\/evastrepp.de\/wp-content\/uploads\/2023\/10\/werkstatt7-23.jpg\" data-width=\"1920\" data-height=\"1280\" aria-label=\"\" role=\"img\" ><\/div>\n\t\t\t\t\t\t\t\t\t\t\t<div class=\"elementor-gallery-item__overlay\"><\/div>\n\t\t\t\t\t\t\t\t\t\t\t\t\t\t<\/a>\n\t\t\t\t\t\t\t<a class=\"e-gallery-item elementor-gallery-item elementor-animated-content\" href=\"https:\/\/evastrepp.de\/wp-content\/uploads\/2020\/08\/werkstatt8.jpg\" data-elementor-open-lightbox=\"yes\" data-elementor-lightbox-slideshow=\"50995e1\" data-elementor-lightbox-title=\"werkstatt\" data-e-action-hash=\"#elementor-action%3Aaction%3Dlightbox%26settings%3DeyJpZCI6MTc2NSwidXJsIjoiaHR0cHM6XC9cL2V2YXN0cmVwcC5kZVwvd3AtY29udGVudFwvdXBsb2Fkc1wvMjAyMFwvMDhcL3dlcmtzdGF0dDguanBnIiwic2xpZGVzaG93IjoiNTA5OTVlMSJ9\">\n\t\t\t\t\t<div class=\"e-gallery-image elementor-gallery-item__image\" data-thumbnail=\"https:\/\/evastrepp.de\/wp-content\/uploads\/2020\/08\/werkstatt8.jpg\" data-width=\"1920\" data-height=\"1280\" aria-label=\"atelier\" role=\"img\" ><\/div>\n\t\t\t\t\t\t\t\t\t\t\t<div class=\"elementor-gallery-item__overlay\"><\/div>\n\t\t\t\t\t\t\t\t\t\t\t\t\t\t<\/a>\n\t\t\t\t\t<\/div>\n\t\t\t\t\t<\/div>\n\t\t\t\t<\/div>\n\t\t\t\t\t<\/div>\n\t\t<\/div>\n\t\t\t\t\t<\/div>\n\t\t<\/section>\n\t\t\t\t<section class=\"elementor-section elementor-top-section elementor-element elementor-element-a0abbfc elementor-section-boxed elementor-section-height-default elementor-section-height-default\" data-id=\"a0abbfc\" data-element_type=\"section\" data-e-type=\"section\">\n\t\t\t\t\t\t<div class=\"elementor-container elementor-column-gap-default\">\n\t\t\t\t\t<div class=\"elementor-column elementor-col-100 elementor-top-column elementor-element elementor-element-5b9eae0\" data-id=\"5b9eae0\" data-element_type=\"column\" data-e-type=\"column\">\n\t\t\t<div class=\"elementor-widget-wrap elementor-element-populated\">\n\t\t\t\t\t\t<div class=\"elementor-element elementor-element-a24dc7a elementor-widget elementor-widget-text-editor\" data-id=\"a24dc7a\" data-element_type=\"widget\" data-e-type=\"widget\" data-widget_type=\"text-editor.default\">\n\t\t\t\t<div class=\"elementor-widget-container\">\n\t\t\t\t\t\t\t\t\t<p>our jewellery are composed of few, reduced items -<br \/>just as many as are needed to wear the pearls comfortably.<\/p><p>due to the simple and clear forms of our jewellery, perfect manufacturing is central for us.<br \/>In our workshop the pearls are primarily drilled, but also milled, sawed and polished.<br \/>In order to avoid damage to the outer layers of the pearl, careful and precise working is essential \u2013<br \/>experience which we gathered during years working with pearls.<\/p>\t\t\t\t\t\t\t\t<\/div>\n\t\t\t\t<\/div>\n\t\t\t\t\t<\/div>\n\t\t<\/div>\n\t\t\t\t\t<\/div>\n\t\t<\/section>\n\t\t\t\t<\/div>","protected":false},"excerpt":{"rendered":"<p>perlen stehen bei uns im mittelpunkt. daher verwenden wir nur die beste qualit\u00e4t &#8211;sie sind nahezu ohne makel, haben einen sch\u00f6nen glanz und ein lebhaftes farbenspiel.das farbspektrum wei\u00dfer perlen ist gro\u00df, es reicht von bl\u00e4ulich-k\u00fchlen bis hin zu warmen ros\u00e9- und cremet\u00f6nen.sorgf\u00e4ltig suche ich sie st\u00fcck f\u00fcr st\u00fcck aus und ordne sie in der farbe [&hellip;]<\/p>\n","protected":false},"author":1,"featured_media":0,"parent":216,"menu_order":3,"comment_status":"closed","ping_status":"closed","template":"","meta":{"footnotes":""},"class_list":["post-1727","page","type-page","status-publish","hentry","wpbf-post"],"yoast_head":"<!-- This site is optimized with the Yoast SEO plugin v27.2 - https:\/\/yoast.com\/product\/yoast-seo-wordpress\/ -->\n<title>evastrepp perlenschmuck - werkstatt keltern-pforzheim<\/title>\n<meta name=\"description\" content=\"Perlen stehen bei uns im Mittelpunkt. Daher verwenden wir nur die beste Qualit\u00e4t-sie sind nahezu ohne Makel, haben einen sch\u00f6nen Glanz...\" \/>\n<meta name=\"robots\" content=\"index, follow, max-snippet:-1, max-image-preview:large, max-video-preview:-1\" \/>\n<link rel=\"canonical\" href=\"https:\/\/evastrepp.de\/en\/ueber-uns\/werkstatt\/\" \/>\n<meta property=\"og:locale\" content=\"en_US\" \/>\n<meta property=\"og:type\" content=\"article\" \/>\n<meta property=\"og:title\" content=\"evastrepp perlenschmuck - werkstatt keltern-pforzheim\" \/>\n<meta property=\"og:description\" content=\"Perlen stehen bei uns im Mittelpunkt. Daher verwenden wir nur die beste Qualit\u00e4t-sie sind nahezu ohne Makel, haben einen sch\u00f6nen Glanz...\" \/>\n<meta property=\"og:url\" content=\"https:\/\/evastrepp.de\/en\/ueber-uns\/werkstatt\/\" \/>\n<meta property=\"og:site_name\" content=\"evastrepp\" \/>\n<meta property=\"article:modified_time\" content=\"2024-11-14T09:32:13+00:00\" \/>\n<meta name=\"twitter:card\" content=\"summary_large_image\" \/>\n<meta name=\"twitter:label1\" content=\"Est. reading time\" \/>\n\t<meta name=\"twitter:data1\" content=\"1 minute\" \/>\n<script type=\"application\/ld+json\" class=\"yoast-schema-graph\">{\"@context\":\"https:\/\/schema.org\",\"@graph\":[{\"@type\":\"WebPage\",\"@id\":\"https:\/\/evastrepp.de\/de\/ueber-uns\/werkstatt\/\",\"url\":\"https:\/\/evastrepp.de\/de\/ueber-uns\/werkstatt\/\",\"name\":\"evastrepp perlenschmuck - werkstatt keltern-pforzheim\",\"isPartOf\":{\"@id\":\"https:\/\/evastrepp.de\/de\/#website\"},\"datePublished\":\"2020-08-22T12:18:35+00:00\",\"dateModified\":\"2024-11-14T09:32:13+00:00\",\"description\":\"Perlen stehen bei uns im Mittelpunkt. Daher verwenden wir nur die beste Qualit\u00e4t-sie sind nahezu ohne Makel, haben einen sch\u00f6nen Glanz...\",\"breadcrumb\":{\"@id\":\"https:\/\/evastrepp.de\/de\/ueber-uns\/werkstatt\/#breadcrumb\"},\"inLanguage\":\"en-US\",\"potentialAction\":[{\"@type\":\"ReadAction\",\"target\":[\"https:\/\/evastrepp.de\/de\/ueber-uns\/werkstatt\/\"]}]},{\"@type\":\"BreadcrumbList\",\"@id\":\"https:\/\/evastrepp.de\/de\/ueber-uns\/werkstatt\/#breadcrumb\",\"itemListElement\":[{\"@type\":\"ListItem\",\"position\":1,\"name\":\"Startseite\",\"item\":\"https:\/\/evastrepp.de\/\"},{\"@type\":\"ListItem\",\"position\":2,\"name\":\"\u00dcber uns\",\"item\":\"https:\/\/evastrepp.de\/ueber-uns\/\"},{\"@type\":\"ListItem\",\"position\":3,\"name\":\"werkstatt\"}]},{\"@type\":\"WebSite\",\"@id\":\"https:\/\/evastrepp.de\/de\/#website\",\"url\":\"https:\/\/evastrepp.de\/de\/\",\"name\":\"evastrepp\",\"description\":\"perlenschmuck, schmuckdesign\",\"potentialAction\":[{\"@type\":\"SearchAction\",\"target\":{\"@type\":\"EntryPoint\",\"urlTemplate\":\"https:\/\/evastrepp.de\/de\/?s={search_term_string}\"},\"query-input\":{\"@type\":\"PropertyValueSpecification\",\"valueRequired\":true,\"valueName\":\"search_term_string\"}}],\"inLanguage\":\"en-US\"}]}<\/script>\n<!-- \/ Yoast SEO plugin. -->","yoast_head_json":{"title":"evastrepp perlenschmuck - werkstatt keltern-pforzheim","description":"Perlen stehen bei uns im Mittelpunkt. Daher verwenden wir nur die beste Qualit\u00e4t-sie sind nahezu ohne Makel, haben einen sch\u00f6nen Glanz...","robots":{"index":"index","follow":"follow","max-snippet":"max-snippet:-1","max-image-preview":"max-image-preview:large","max-video-preview":"max-video-preview:-1"},"canonical":"https:\/\/evastrepp.de\/en\/ueber-uns\/werkstatt\/","og_locale":"en_US","og_type":"article","og_title":"evastrepp perlenschmuck - werkstatt keltern-pforzheim","og_description":"Perlen stehen bei uns im Mittelpunkt. Daher verwenden wir nur die beste Qualit\u00e4t-sie sind nahezu ohne Makel, haben einen sch\u00f6nen Glanz...","og_url":"https:\/\/evastrepp.de\/en\/ueber-uns\/werkstatt\/","og_site_name":"evastrepp","article_modified_time":"2024-11-14T09:32:13+00:00","twitter_card":"summary_large_image","twitter_misc":{"Est. reading time":"1 minute"},"schema":{"@context":"https:\/\/schema.org","@graph":[{"@type":"WebPage","@id":"https:\/\/evastrepp.de\/de\/ueber-uns\/werkstatt\/","url":"https:\/\/evastrepp.de\/de\/ueber-uns\/werkstatt\/","name":"evastrepp perlenschmuck - werkstatt keltern-pforzheim","isPartOf":{"@id":"https:\/\/evastrepp.de\/de\/#website"},"datePublished":"2020-08-22T12:18:35+00:00","dateModified":"2024-11-14T09:32:13+00:00","description":"Perlen stehen bei uns im Mittelpunkt. Daher verwenden wir nur die beste Qualit\u00e4t-sie sind nahezu ohne Makel, haben einen sch\u00f6nen Glanz...","breadcrumb":{"@id":"https:\/\/evastrepp.de\/de\/ueber-uns\/werkstatt\/#breadcrumb"},"inLanguage":"en-US","potentialAction":[{"@type":"ReadAction","target":["https:\/\/evastrepp.de\/de\/ueber-uns\/werkstatt\/"]}]},{"@type":"BreadcrumbList","@id":"https:\/\/evastrepp.de\/de\/ueber-uns\/werkstatt\/#breadcrumb","itemListElement":[{"@type":"ListItem","position":1,"name":"Startseite","item":"https:\/\/evastrepp.de\/"},{"@type":"ListItem","position":2,"name":"\u00dcber uns","item":"https:\/\/evastrepp.de\/ueber-uns\/"},{"@type":"ListItem","position":3,"name":"werkstatt"}]},{"@type":"WebSite","@id":"https:\/\/evastrepp.de\/de\/#website","url":"https:\/\/evastrepp.de\/de\/","name":"evastrepp","description":"perlenschmuck, schmuckdesign","potentialAction":[{"@type":"SearchAction","target":{"@type":"EntryPoint","urlTemplate":"https:\/\/evastrepp.de\/de\/?s={search_term_string}"},"query-input":{"@type":"PropertyValueSpecification","valueRequired":true,"valueName":"search_term_string"}}],"inLanguage":"en-US"}]}},"_links":{"self":[{"href":"https:\/\/evastrepp.de\/en\/wp-json\/wp\/v2\/pages\/1727","targetHints":{"allow":["GET"]}}],"collection":[{"href":"https:\/\/evastrepp.de\/en\/wp-json\/wp\/v2\/pages"}],"about":[{"href":"https:\/\/evastrepp.de\/en\/wp-json\/wp\/v2\/types\/page"}],"author":[{"embeddable":true,"href":"https:\/\/evastrepp.de\/en\/wp-json\/wp\/v2\/users\/1"}],"replies":[{"embeddable":true,"href":"https:\/\/evastrepp.de\/en\/wp-json\/wp\/v2\/comments?post=1727"}],"version-history":[{"count":0,"href":"https:\/\/evastrepp.de\/en\/wp-json\/wp\/v2\/pages\/1727\/revisions"}],"up":[{"embeddable":true,"href":"https:\/\/evastrepp.de\/en\/wp-json\/wp\/v2\/pages\/216"}],"wp:attachment":[{"href":"https:\/\/evastrepp.de\/en\/wp-json\/wp\/v2\/media?parent=1727"}],"curies":[{"name":"wp","href":"https:\/\/api.w.org\/{rel}","templated":true}]}}