{"id":1242,"date":"2020-08-19T15:21:33","date_gmt":"2020-08-19T13:21:33","guid":{"rendered":"http:\/\/localhost:8888\/?page_id=1242"},"modified":"2020-10-07T10:24:30","modified_gmt":"2020-10-07T08:24:30","slug":"impressum","status":"publish","type":"page","link":"https:\/\/evastrepp.de\/en\/impressum\/","title":{"rendered":"imprint"},"content":{"rendered":"<div data-elementor-type=\"wp-page\" data-elementor-id=\"1242\" class=\"elementor elementor-1242\" data-elementor-post-type=\"page\">\n\t\t\t\t\t\t<section class=\"elementor-section elementor-top-section elementor-element elementor-element-665e361 elementor-section-boxed elementor-section-height-default elementor-section-height-default\" data-id=\"665e361\" data-element_type=\"section\" data-e-type=\"section\">\n\t\t\t\t\t\t<div class=\"elementor-container elementor-column-gap-default\">\n\t\t\t\t\t<div class=\"elementor-column elementor-col-100 elementor-top-column elementor-element elementor-element-9378d68\" data-id=\"9378d68\" data-element_type=\"column\" data-e-type=\"column\">\n\t\t\t<div class=\"elementor-widget-wrap elementor-element-populated\">\n\t\t\t\t\t\t<div class=\"elementor-element elementor-element-3e8e9a3 elementor-widget elementor-widget-heading\" data-id=\"3e8e9a3\" data-element_type=\"widget\" data-e-type=\"widget\" data-widget_type=\"heading.default\">\n\t\t\t\t<div class=\"elementor-widget-container\">\n\t\t\t\t\t<h1 class=\"elementor-heading-title elementor-size-default\">imprint<\/h1>\t\t\t\t<\/div>\n\t\t\t\t<\/div>\n\t\t\t\t\t<\/div>\n\t\t<\/div>\n\t\t\t\t\t<\/div>\n\t\t<\/section>\n\t\t\t\t<section class=\"elementor-section elementor-top-section elementor-element elementor-element-e51d17d elementor-section-boxed elementor-section-height-default elementor-section-height-default\" data-id=\"e51d17d\" data-element_type=\"section\" data-e-type=\"section\">\n\t\t\t\t\t\t<div class=\"elementor-container elementor-column-gap-default\">\n\t\t\t\t\t<div class=\"elementor-column elementor-col-100 elementor-top-column elementor-element elementor-element-bfcd8c8\" data-id=\"bfcd8c8\" data-element_type=\"column\" data-e-type=\"column\">\n\t\t\t<div class=\"elementor-widget-wrap elementor-element-populated\">\n\t\t\t\t\t\t<div class=\"elementor-element elementor-element-ea8c28c elementor-widget elementor-widget-text-editor\" data-id=\"ea8c28c\" data-element_type=\"widget\" data-e-type=\"widget\" data-widget_type=\"text-editor.default\">\n\t\t\t\t<div class=\"elementor-widget-container\">\n\t\t\t\t\t\t\t\t\t<p><strong>eva strepp<\/strong><br \/>schmuckdesign<br \/>dobelstra\u00dfe 17<br \/>75210 keltern<\/p><p>fon +49(0)7236 . 932469<br \/><a href=\"mailto:info@evastrepp.de\">info@evastrepp.de<\/a><br \/>www.evastrepp.de<\/p><p><strong>photography:<\/strong> <br \/>rainer sch\u00e4le, wuppertal<br \/>eva strepp, keltern<\/p><p><strong>layout:<br \/><\/strong>martina ibbels, d\u00fcsseldorf<br \/><a href=\"https:\/\/tannedesign.de\" target=\"_blank\" rel=\"noopener\">tannedesign<\/a>, pforzheim<\/p><p><strong>programming:<\/strong> <br \/><a href=\"https:\/\/tannedesign.de\" target=\"_blank\" rel=\"noopener\">tannedesign<\/a>, pforzheim<\/p><p><strong>tax number:<\/strong> 41241\/ 39308 <br \/><strong>Sales tax ID number:<\/strong> de2302738740<\/p><h4>\u00a0<\/h4><h4>Disclaimer:<\/h4><p><strong>Liability for content<\/strong><br \/>The contents of our pages were created with great care. However, we cannot accept any liability for the correctness, completeness and topicality of the content. As a service provider, we are responsible for our own content on these pages in accordance with general law in accordance with Section 7 (1) of the German Telemedia Act. According to \u00a7\u00a7 8 to 10 TMG, as a service provider, we are not obliged to monitor transmitted or stored third-party information or to investigate circumstances that indicate illegal activity. Obligations to remove or block the use of information in accordance with general laws remain unaffected. Liability in this regard is only possible from the point in time at which we become aware of a specific legal violation. As soon as we become aware of such legal violations, we will remove this content immediately.<\/p><p><strong>Liability for links<\/strong><br \/>Our offer contains links to external third-party websites over whose content we have no influence. Therefore we cannot accept any liability for this external content. The respective provider or operator of the pages is always responsible for the content of the linked pages. The linked pages were checked for possible legal violations at the time they were linked. No illegal content was found at the time the link was created. Permanent monitoring of the content of the linked pages is not reasonable without concrete evidence of a violation of the law. If we become aware of legal violations, we will remove such links immediately.<\/p><p><strong>copyright<\/strong><br \/>The content and works on these pages created by the website operator are subject to German copyright law. The reproduction, processing, distribution and any kind of exploitation outside the limits of copyright law require the written consent of the respective author or creator. Downloads and copies of this website are only permitted for private, non-commercial use. Insofar as the content on this site was not created by the operator, the copyrights of third parties are observed. In particular contents of third parties are marked as such. Should you nevertheless become aware of a copyright infringement, we would ask you to notify us accordingly. As soon as we become aware of legal violations, we will remove such content immediately.<\/p><p><strong>Copyright for pictures:<\/strong><br \/>Unless otherwise noted: evastrepp<\/p>\t\t\t\t\t\t\t\t<\/div>\n\t\t\t\t<\/div>\n\t\t\t\t\t<\/div>\n\t\t<\/div>\n\t\t\t\t\t<\/div>\n\t\t<\/section>\n\t\t\t\t<\/div>","protected":false},"excerpt":{"rendered":"<p>impressum eva streppschmuckdesigndobelstra\u00dfe 1775210 keltern fon +49(0)7236 . 932469info@evastrepp.dewww.evastrepp.de fotografie: rainer sch\u00e4le, wuppertaleva strepp, keltern gestaltung:martina ibbels, d\u00fcsseldorftannedesign, pforzheim programmierung: tannedesign, pforzheim Steuernummer: 41241\/ 39308 Umsatzsteuer ID Nummer: de2302738740 \u00a0 Haftungsausschluss: haftung f\u00fcr inhalteDie Inhalte unserer Seiten wurden mit gr\u00f6\u00dfter Sorgfalt erstellt. F\u00fcr die Richtigkeit, Vollst\u00e4ndigkeit und Aktualit\u00e4t der Inhalte k\u00f6nnen wir jedoch keine Gew\u00e4hr [&hellip;]<\/p>\n","protected":false},"author":1,"featured_media":0,"parent":0,"menu_order":15,"comment_status":"closed","ping_status":"closed","template":"","meta":{"footnotes":""},"class_list":["post-1242","page","type-page","status-publish","hentry","wpbf-post"],"yoast_head":"<!-- This site is optimized with the Yoast SEO plugin v27.2 - https:\/\/yoast.com\/product\/yoast-seo-wordpress\/ -->\n<title>evastrepp Schmuckdesign |\u00a0Perlenschmuck Keltern<\/title>\n<meta name=\"robots\" content=\"index, follow, max-snippet:-1, max-image-preview:large, max-video-preview:-1\" \/>\n<link rel=\"canonical\" href=\"https:\/\/evastrepp.de\/en\/impressum\/\" \/>\n<meta property=\"og:locale\" content=\"en_US\" \/>\n<meta property=\"og:type\" content=\"article\" \/>\n<meta property=\"og:title\" content=\"evastrepp Schmuckdesign |\u00a0Perlenschmuck Keltern\" \/>\n<meta property=\"og:description\" content=\"impressum eva streppschmuckdesigndobelstra\u00dfe 1775210 keltern fon +49(0)7236 . 932469info@evastrepp.dewww.evastrepp.de fotografie: rainer sch\u00e4le, wuppertaleva strepp, keltern gestaltung:martina ibbels, d\u00fcsseldorftannedesign, pforzheim programmierung: tannedesign, pforzheim Steuernummer: 41241\/ 39308 Umsatzsteuer ID Nummer: de2302738740 \u00a0 Haftungsausschluss: haftung f\u00fcr inhalteDie Inhalte unserer Seiten wurden mit gr\u00f6\u00dfter Sorgfalt erstellt. F\u00fcr die Richtigkeit, Vollst\u00e4ndigkeit und Aktualit\u00e4t der Inhalte k\u00f6nnen wir jedoch keine Gew\u00e4hr [&hellip;]\" \/>\n<meta property=\"og:url\" content=\"https:\/\/evastrepp.de\/en\/impressum\/\" \/>\n<meta property=\"og:site_name\" content=\"evastrepp\" \/>\n<meta property=\"article:modified_time\" content=\"2020-10-07T08:24:30+00:00\" \/>\n<meta name=\"twitter:card\" content=\"summary_large_image\" \/>\n<meta name=\"twitter:label1\" content=\"Est. reading time\" \/>\n\t<meta name=\"twitter:data1\" content=\"2 minutes\" \/>\n<script type=\"application\/ld+json\" class=\"yoast-schema-graph\">{\"@context\":\"https:\/\/schema.org\",\"@graph\":[{\"@type\":\"WebPage\",\"@id\":\"https:\/\/evastrepp.de\/de\/impressum\/\",\"url\":\"https:\/\/evastrepp.de\/de\/impressum\/\",\"name\":\"evastrepp Schmuckdesign |\u00a0Perlenschmuck Keltern\",\"isPartOf\":{\"@id\":\"https:\/\/evastrepp.de\/de\/#website\"},\"datePublished\":\"2020-08-19T13:21:33+00:00\",\"dateModified\":\"2020-10-07T08:24:30+00:00\",\"breadcrumb\":{\"@id\":\"https:\/\/evastrepp.de\/de\/impressum\/#breadcrumb\"},\"inLanguage\":\"en-US\",\"potentialAction\":[{\"@type\":\"ReadAction\",\"target\":[\"https:\/\/evastrepp.de\/de\/impressum\/\"]}]},{\"@type\":\"BreadcrumbList\",\"@id\":\"https:\/\/evastrepp.de\/de\/impressum\/#breadcrumb\",\"itemListElement\":[{\"@type\":\"ListItem\",\"position\":1,\"name\":\"Startseite\",\"item\":\"https:\/\/evastrepp.de\/\"},{\"@type\":\"ListItem\",\"position\":2,\"name\":\"impressum\"}]},{\"@type\":\"WebSite\",\"@id\":\"https:\/\/evastrepp.de\/de\/#website\",\"url\":\"https:\/\/evastrepp.de\/de\/\",\"name\":\"evastrepp\",\"description\":\"perlenschmuck, schmuckdesign\",\"potentialAction\":[{\"@type\":\"SearchAction\",\"target\":{\"@type\":\"EntryPoint\",\"urlTemplate\":\"https:\/\/evastrepp.de\/de\/?s={search_term_string}\"},\"query-input\":{\"@type\":\"PropertyValueSpecification\",\"valueRequired\":true,\"valueName\":\"search_term_string\"}}],\"inLanguage\":\"en-US\"}]}<\/script>\n<!-- \/ Yoast SEO plugin. -->","yoast_head_json":{"title":"evastrepp Schmuckdesign |\u00a0Perlenschmuck Keltern","robots":{"index":"index","follow":"follow","max-snippet":"max-snippet:-1","max-image-preview":"max-image-preview:large","max-video-preview":"max-video-preview:-1"},"canonical":"https:\/\/evastrepp.de\/en\/impressum\/","og_locale":"en_US","og_type":"article","og_title":"evastrepp Schmuckdesign |\u00a0Perlenschmuck Keltern","og_description":"impressum eva streppschmuckdesigndobelstra\u00dfe 1775210 keltern fon +49(0)7236 . 932469info@evastrepp.dewww.evastrepp.de fotografie: rainer sch\u00e4le, wuppertaleva strepp, keltern gestaltung:martina ibbels, d\u00fcsseldorftannedesign, pforzheim programmierung: tannedesign, pforzheim Steuernummer: 41241\/ 39308 Umsatzsteuer ID Nummer: de2302738740 \u00a0 Haftungsausschluss: haftung f\u00fcr inhalteDie Inhalte unserer Seiten wurden mit gr\u00f6\u00dfter Sorgfalt erstellt. F\u00fcr die Richtigkeit, Vollst\u00e4ndigkeit und Aktualit\u00e4t der Inhalte k\u00f6nnen wir jedoch keine Gew\u00e4hr [&hellip;]","og_url":"https:\/\/evastrepp.de\/en\/impressum\/","og_site_name":"evastrepp","article_modified_time":"2020-10-07T08:24:30+00:00","twitter_card":"summary_large_image","twitter_misc":{"Est. reading time":"2 minutes"},"schema":{"@context":"https:\/\/schema.org","@graph":[{"@type":"WebPage","@id":"https:\/\/evastrepp.de\/de\/impressum\/","url":"https:\/\/evastrepp.de\/de\/impressum\/","name":"evastrepp Schmuckdesign |\u00a0Perlenschmuck Keltern","isPartOf":{"@id":"https:\/\/evastrepp.de\/de\/#website"},"datePublished":"2020-08-19T13:21:33+00:00","dateModified":"2020-10-07T08:24:30+00:00","breadcrumb":{"@id":"https:\/\/evastrepp.de\/de\/impressum\/#breadcrumb"},"inLanguage":"en-US","potentialAction":[{"@type":"ReadAction","target":["https:\/\/evastrepp.de\/de\/impressum\/"]}]},{"@type":"BreadcrumbList","@id":"https:\/\/evastrepp.de\/de\/impressum\/#breadcrumb","itemListElement":[{"@type":"ListItem","position":1,"name":"Startseite","item":"https:\/\/evastrepp.de\/"},{"@type":"ListItem","position":2,"name":"impressum"}]},{"@type":"WebSite","@id":"https:\/\/evastrepp.de\/de\/#website","url":"https:\/\/evastrepp.de\/de\/","name":"evastrepp","description":"perlenschmuck, schmuckdesign","potentialAction":[{"@type":"SearchAction","target":{"@type":"EntryPoint","urlTemplate":"https:\/\/evastrepp.de\/de\/?s={search_term_string}"},"query-input":{"@type":"PropertyValueSpecification","valueRequired":true,"valueName":"search_term_string"}}],"inLanguage":"en-US"}]}},"_links":{"self":[{"href":"https:\/\/evastrepp.de\/en\/wp-json\/wp\/v2\/pages\/1242","targetHints":{"allow":["GET"]}}],"collection":[{"href":"https:\/\/evastrepp.de\/en\/wp-json\/wp\/v2\/pages"}],"about":[{"href":"https:\/\/evastrepp.de\/en\/wp-json\/wp\/v2\/types\/page"}],"author":[{"embeddable":true,"href":"https:\/\/evastrepp.de\/en\/wp-json\/wp\/v2\/users\/1"}],"replies":[{"embeddable":true,"href":"https:\/\/evastrepp.de\/en\/wp-json\/wp\/v2\/comments?post=1242"}],"version-history":[{"count":0,"href":"https:\/\/evastrepp.de\/en\/wp-json\/wp\/v2\/pages\/1242\/revisions"}],"wp:attachment":[{"href":"https:\/\/evastrepp.de\/en\/wp-json\/wp\/v2\/media?parent=1242"}],"curies":[{"name":"wp","href":"https:\/\/api.w.org\/{rel}","templated":true}]}}