{"id":1725,"date":"2020-08-22T14:18:17","date_gmt":"2020-08-22T12:18:17","guid":{"rendered":"http:\/\/localhost:8888\/?page_id=1725"},"modified":"2024-11-14T10:31:08","modified_gmt":"2024-11-14T09:31:08","slug":"biografie","status":"publish","type":"page","link":"https:\/\/evastrepp.de\/de\/ueber-uns\/biografie\/","title":{"rendered":"biografie"},"content":{"rendered":"\t\t<div data-elementor-type=\"wp-page\" data-elementor-id=\"1725\" class=\"elementor elementor-1725\" data-elementor-post-type=\"page\">\n\t\t\t\t\t\t<section class=\"elementor-section elementor-top-section elementor-element elementor-element-8685d21 elementor-section-boxed elementor-section-height-default elementor-section-height-default\" data-id=\"8685d21\" data-element_type=\"section\" data-e-type=\"section\">\n\t\t\t\t\t\t<div class=\"elementor-container elementor-column-gap-default\">\n\t\t\t\t\t<div class=\"elementor-column elementor-col-100 elementor-top-column elementor-element elementor-element-9483b8b\" data-id=\"9483b8b\" data-element_type=\"column\" data-e-type=\"column\">\n\t\t\t<div class=\"elementor-widget-wrap elementor-element-populated\">\n\t\t\t\t\t\t<div class=\"elementor-element elementor-element-fa5151d elementor-widget elementor-widget-gallery\" data-id=\"fa5151d\" data-element_type=\"widget\" data-e-type=\"widget\" data-settings=\"{&quot;columns&quot;:3,&quot;columns_tablet&quot;:3,&quot;image_hover_animation&quot;:&quot;grow&quot;,&quot;gallery_layout&quot;:&quot;grid&quot;,&quot;columns_mobile&quot;:1,&quot;gap&quot;:{&quot;unit&quot;:&quot;px&quot;,&quot;size&quot;:10,&quot;sizes&quot;:[]},&quot;gap_tablet&quot;:{&quot;unit&quot;:&quot;px&quot;,&quot;size&quot;:10,&quot;sizes&quot;:[]},&quot;gap_mobile&quot;:{&quot;unit&quot;:&quot;px&quot;,&quot;size&quot;:10,&quot;sizes&quot;:[]},&quot;link_to&quot;:&quot;file&quot;,&quot;aspect_ratio&quot;:&quot;3:2&quot;,&quot;overlay_background&quot;:&quot;yes&quot;,&quot;content_hover_animation&quot;:&quot;fade-in&quot;}\" data-widget_type=\"gallery.default\">\n\t\t\t\t<div class=\"elementor-widget-container\">\n\t\t\t\t\t\t\t<div class=\"elementor-gallery__container\">\n\t\t\t\t\t\t\t<a class=\"e-gallery-item elementor-gallery-item elementor-animated-content\" href=\"https:\/\/evastrepp.de\/wp-content\/uploads\/2020\/08\/20180905-links.jpg\" data-elementor-open-lightbox=\"yes\" data-elementor-lightbox-slideshow=\"fa5151d\" data-elementor-lightbox-title=\"eva strepp\" data-e-action-hash=\"#elementor-action%3Aaction%3Dlightbox%26settings%3DeyJpZCI6MTc0NSwidXJsIjoiaHR0cHM6XC9cL2V2YXN0cmVwcC5kZVwvd3AtY29udGVudFwvdXBsb2Fkc1wvMjAyMFwvMDhcLzIwMTgwOTA1LWxpbmtzLmpwZyIsInNsaWRlc2hvdyI6ImZhNTE1MWQifQ%3D%3D\">\n\t\t\t\t\t<div class=\"e-gallery-image elementor-gallery-item__image\" data-thumbnail=\"https:\/\/evastrepp.de\/wp-content\/uploads\/2020\/08\/20180905-links.jpg\" data-width=\"824\" data-height=\"761\" aria-label=\"eva strepp\" role=\"img\" ><\/div>\n\t\t\t\t\t\t\t\t\t\t\t<div class=\"elementor-gallery-item__overlay\"><\/div>\n\t\t\t\t\t\t\t\t\t\t\t\t\t\t<\/a>\n\t\t\t\t\t\t\t<a class=\"e-gallery-item elementor-gallery-item elementor-animated-content\" href=\"https:\/\/evastrepp.de\/wp-content\/uploads\/2020\/08\/20180905-mitte.jpg\" data-elementor-open-lightbox=\"yes\" data-elementor-lightbox-slideshow=\"fa5151d\" data-elementor-lightbox-title=\"eva strepp\" data-e-action-hash=\"#elementor-action%3Aaction%3Dlightbox%26settings%3DeyJpZCI6MTc0NiwidXJsIjoiaHR0cHM6XC9cL2V2YXN0cmVwcC5kZVwvd3AtY29udGVudFwvdXBsb2Fkc1wvMjAyMFwvMDhcLzIwMTgwOTA1LW1pdHRlLmpwZyIsInNsaWRlc2hvdyI6ImZhNTE1MWQifQ%3D%3D\">\n\t\t\t\t\t<div class=\"e-gallery-image elementor-gallery-item__image\" data-thumbnail=\"https:\/\/evastrepp.de\/wp-content\/uploads\/2020\/08\/20180905-mitte.jpg\" data-width=\"1001\" data-height=\"761\" aria-label=\"eva strepp\" role=\"img\" ><\/div>\n\t\t\t\t\t\t\t\t\t\t\t<div class=\"elementor-gallery-item__overlay\"><\/div>\n\t\t\t\t\t\t\t\t\t\t\t\t\t\t<\/a>\n\t\t\t\t\t\t\t<a class=\"e-gallery-item elementor-gallery-item elementor-animated-content\" href=\"https:\/\/evastrepp.de\/wp-content\/uploads\/2020\/08\/20180905-rechts.jpg\" data-elementor-open-lightbox=\"yes\" data-elementor-lightbox-slideshow=\"fa5151d\" data-elementor-lightbox-title=\"eva strepp\" data-e-action-hash=\"#elementor-action%3Aaction%3Dlightbox%26settings%3DeyJpZCI6MTc0NywidXJsIjoiaHR0cHM6XC9cL2V2YXN0cmVwcC5kZVwvd3AtY29udGVudFwvdXBsb2Fkc1wvMjAyMFwvMDhcLzIwMTgwOTA1LXJlY2h0cy5qcGciLCJzbGlkZXNob3ciOiJmYTUxNTFkIn0%3D\">\n\t\t\t\t\t<div class=\"e-gallery-image elementor-gallery-item__image\" data-thumbnail=\"https:\/\/evastrepp.de\/wp-content\/uploads\/2020\/08\/20180905-rechts.jpg\" data-width=\"705\" data-height=\"761\" aria-label=\"eva strepp\" role=\"img\" ><\/div>\n\t\t\t\t\t\t\t\t\t\t\t<div class=\"elementor-gallery-item__overlay\"><\/div>\n\t\t\t\t\t\t\t\t\t\t\t\t\t\t<\/a>\n\t\t\t\t\t<\/div>\n\t\t\t\t\t<\/div>\n\t\t\t\t<\/div>\n\t\t\t\t\t<\/div>\n\t\t<\/div>\n\t\t\t\t\t<\/div>\n\t\t<\/section>\n\t\t\t\t<section class=\"elementor-section elementor-top-section elementor-element elementor-element-1fb317a elementor-section-boxed elementor-section-height-default elementor-section-height-default\" data-id=\"1fb317a\" data-element_type=\"section\" data-e-type=\"section\">\n\t\t\t\t\t\t<div class=\"elementor-container elementor-column-gap-default\">\n\t\t\t\t\t<div class=\"elementor-column elementor-col-100 elementor-top-column elementor-element elementor-element-d8c6261\" data-id=\"d8c6261\" data-element_type=\"column\" data-e-type=\"column\">\n\t\t\t<div class=\"elementor-widget-wrap elementor-element-populated\">\n\t\t\t\t\t\t<div class=\"elementor-element elementor-element-e5778f5 elementor-widget elementor-widget-text-editor\" data-id=\"e5778f5\" data-element_type=\"widget\" data-e-type=\"widget\" data-widget_type=\"text-editor.default\">\n\t\t\t\t<div class=\"elementor-widget-container\">\n\t\t\t\t\t\t\t\t\t<p>1975\u2028<br \/>geboren in pforzheim<\/p><p>1994 \u2013 1995<br \/>\u2028studium der freien kunst, literatur und theaterwissenschaft an der johannes-gutenberg-universit\u00e4t mainz<\/p><p>1995 \u2013 1999<br \/>\u2028ausbildung zur goldschmiedin an der zeichenakademie hanau<\/p><p>1999 \u2013 2003\u2028<br \/>studium an der fachhochschule f\u00fcr gestaltung pforzheim, abschlu\u00df mit dem diplom f\u00fcr schmuckdesign<\/p><p>seit 2003\u2028<br \/>eigenes atelier f\u00fcr design und schmuckwerkstatt in keltern bei pforzheim<br \/>seither regelm\u00e4ssige ausstellung auf der schmuckmesse inhorgenta in m\u00fcnchen<\/p>\t\t\t\t\t\t\t\t<\/div>\n\t\t\t\t<\/div>\n\t\t\t\t\t<\/div>\n\t\t<\/div>\n\t\t\t\t\t<\/div>\n\t\t<\/section>\n\t\t\t\t<\/div>\n\t\t","protected":false},"excerpt":{"rendered":"<p>1975\u2028geboren in pforzheim 1994 \u2013 1995\u2028studium der freien kunst, literatur und theaterwissenschaft an der johannes-gutenberg-universit\u00e4t mainz 1995 \u2013 1999\u2028ausbildung zur goldschmiedin an der zeichenakademie hanau 1999 \u2013 2003\u2028studium an der fachhochschule f\u00fcr gestaltung pforzheim, abschlu\u00df mit dem diplom f\u00fcr schmuckdesign seit 2003\u2028eigenes atelier f\u00fcr design und schmuckwerkstatt in keltern bei pforzheimseither regelm\u00e4ssige ausstellung auf der [&hellip;]<\/p>\n","protected":false},"author":1,"featured_media":0,"parent":216,"menu_order":2,"comment_status":"closed","ping_status":"closed","template":"","meta":{"footnotes":""},"class_list":["post-1725","page","type-page","status-publish","hentry","wpbf-post"],"yoast_head":"<!-- This site is optimized with the Yoast SEO plugin v27.2 - https:\/\/yoast.com\/product\/yoast-seo-wordpress\/ -->\n<title>schmuckwerkstatt evastrepp | biografie<\/title>\n<meta name=\"description\" content=\"Eva Strepps Atelier f\u00fcr Design und Schmuckwerkstatt befindet sich in Keltern\/ bei Pforzheim. Regelm\u00e4ssige Austellung auf der Inhorgenta.\" \/>\n<meta name=\"robots\" content=\"index, follow, max-snippet:-1, max-image-preview:large, max-video-preview:-1\" \/>\n<link rel=\"canonical\" href=\"https:\/\/evastrepp.de\/de\/ueber-uns\/biografie\/\" \/>\n<meta property=\"og:locale\" content=\"de_DE\" \/>\n<meta property=\"og:type\" content=\"article\" \/>\n<meta property=\"og:title\" content=\"schmuckwerkstatt evastrepp | biografie\" \/>\n<meta property=\"og:description\" content=\"Eva Strepps Atelier f\u00fcr Design und Schmuckwerkstatt befindet sich in Keltern\/ bei Pforzheim. Regelm\u00e4ssige Austellung auf der Inhorgenta.\" \/>\n<meta property=\"og:url\" content=\"https:\/\/evastrepp.de\/de\/ueber-uns\/biografie\/\" \/>\n<meta property=\"og:site_name\" content=\"evastrepp\" \/>\n<meta property=\"article:modified_time\" content=\"2024-11-14T09:31:08+00:00\" \/>\n<meta name=\"twitter:card\" content=\"summary_large_image\" \/>\n<meta name=\"twitter:label1\" content=\"Gesch\u00e4tzte Lesezeit\" \/>\n\t<meta name=\"twitter:data1\" content=\"1\u00a0Minute\" \/>\n<script type=\"application\/ld+json\" class=\"yoast-schema-graph\">{\"@context\":\"https:\/\/schema.org\",\"@graph\":[{\"@type\":\"WebPage\",\"@id\":\"https:\/\/evastrepp.de\/de\/ueber-uns\/biografie\/\",\"url\":\"https:\/\/evastrepp.de\/de\/ueber-uns\/biografie\/\",\"name\":\"schmuckwerkstatt evastrepp | biografie\",\"isPartOf\":{\"@id\":\"https:\/\/evastrepp.de\/de\/#website\"},\"datePublished\":\"2020-08-22T12:18:17+00:00\",\"dateModified\":\"2024-11-14T09:31:08+00:00\",\"description\":\"Eva Strepps Atelier f\u00fcr Design und Schmuckwerkstatt befindet sich in Keltern\/ bei Pforzheim. Regelm\u00e4ssige Austellung auf der Inhorgenta.\",\"breadcrumb\":{\"@id\":\"https:\/\/evastrepp.de\/de\/ueber-uns\/biografie\/#breadcrumb\"},\"inLanguage\":\"de\",\"potentialAction\":[{\"@type\":\"ReadAction\",\"target\":[\"https:\/\/evastrepp.de\/de\/ueber-uns\/biografie\/\"]}]},{\"@type\":\"BreadcrumbList\",\"@id\":\"https:\/\/evastrepp.de\/de\/ueber-uns\/biografie\/#breadcrumb\",\"itemListElement\":[{\"@type\":\"ListItem\",\"position\":1,\"name\":\"Startseite\",\"item\":\"https:\/\/evastrepp.de\/\"},{\"@type\":\"ListItem\",\"position\":2,\"name\":\"\u00dcber uns\",\"item\":\"https:\/\/evastrepp.de\/ueber-uns\/\"},{\"@type\":\"ListItem\",\"position\":3,\"name\":\"biografie\"}]},{\"@type\":\"WebSite\",\"@id\":\"https:\/\/evastrepp.de\/de\/#website\",\"url\":\"https:\/\/evastrepp.de\/de\/\",\"name\":\"evastrepp\",\"description\":\"perlenschmuck, schmuckdesign\",\"potentialAction\":[{\"@type\":\"SearchAction\",\"target\":{\"@type\":\"EntryPoint\",\"urlTemplate\":\"https:\/\/evastrepp.de\/de\/?s={search_term_string}\"},\"query-input\":{\"@type\":\"PropertyValueSpecification\",\"valueRequired\":true,\"valueName\":\"search_term_string\"}}],\"inLanguage\":\"de\"}]}<\/script>\n<!-- \/ Yoast SEO plugin. -->","yoast_head_json":{"title":"schmuckwerkstatt evastrepp | biografie","description":"Eva Strepps Atelier f\u00fcr Design und Schmuckwerkstatt befindet sich in Keltern\/ bei Pforzheim. Regelm\u00e4ssige Austellung auf der Inhorgenta.","robots":{"index":"index","follow":"follow","max-snippet":"max-snippet:-1","max-image-preview":"max-image-preview:large","max-video-preview":"max-video-preview:-1"},"canonical":"https:\/\/evastrepp.de\/de\/ueber-uns\/biografie\/","og_locale":"de_DE","og_type":"article","og_title":"schmuckwerkstatt evastrepp | biografie","og_description":"Eva Strepps Atelier f\u00fcr Design und Schmuckwerkstatt befindet sich in Keltern\/ bei Pforzheim. Regelm\u00e4ssige Austellung auf der Inhorgenta.","og_url":"https:\/\/evastrepp.de\/de\/ueber-uns\/biografie\/","og_site_name":"evastrepp","article_modified_time":"2024-11-14T09:31:08+00:00","twitter_card":"summary_large_image","twitter_misc":{"Gesch\u00e4tzte Lesezeit":"1\u00a0Minute"},"schema":{"@context":"https:\/\/schema.org","@graph":[{"@type":"WebPage","@id":"https:\/\/evastrepp.de\/de\/ueber-uns\/biografie\/","url":"https:\/\/evastrepp.de\/de\/ueber-uns\/biografie\/","name":"schmuckwerkstatt evastrepp | biografie","isPartOf":{"@id":"https:\/\/evastrepp.de\/de\/#website"},"datePublished":"2020-08-22T12:18:17+00:00","dateModified":"2024-11-14T09:31:08+00:00","description":"Eva Strepps Atelier f\u00fcr Design und Schmuckwerkstatt befindet sich in Keltern\/ bei Pforzheim. Regelm\u00e4ssige Austellung auf der Inhorgenta.","breadcrumb":{"@id":"https:\/\/evastrepp.de\/de\/ueber-uns\/biografie\/#breadcrumb"},"inLanguage":"de","potentialAction":[{"@type":"ReadAction","target":["https:\/\/evastrepp.de\/de\/ueber-uns\/biografie\/"]}]},{"@type":"BreadcrumbList","@id":"https:\/\/evastrepp.de\/de\/ueber-uns\/biografie\/#breadcrumb","itemListElement":[{"@type":"ListItem","position":1,"name":"Startseite","item":"https:\/\/evastrepp.de\/"},{"@type":"ListItem","position":2,"name":"\u00dcber uns","item":"https:\/\/evastrepp.de\/ueber-uns\/"},{"@type":"ListItem","position":3,"name":"biografie"}]},{"@type":"WebSite","@id":"https:\/\/evastrepp.de\/de\/#website","url":"https:\/\/evastrepp.de\/de\/","name":"evastrepp","description":"perlenschmuck, schmuckdesign","potentialAction":[{"@type":"SearchAction","target":{"@type":"EntryPoint","urlTemplate":"https:\/\/evastrepp.de\/de\/?s={search_term_string}"},"query-input":{"@type":"PropertyValueSpecification","valueRequired":true,"valueName":"search_term_string"}}],"inLanguage":"de"}]}},"_links":{"self":[{"href":"https:\/\/evastrepp.de\/de\/wp-json\/wp\/v2\/pages\/1725","targetHints":{"allow":["GET"]}}],"collection":[{"href":"https:\/\/evastrepp.de\/de\/wp-json\/wp\/v2\/pages"}],"about":[{"href":"https:\/\/evastrepp.de\/de\/wp-json\/wp\/v2\/types\/page"}],"author":[{"embeddable":true,"href":"https:\/\/evastrepp.de\/de\/wp-json\/wp\/v2\/users\/1"}],"replies":[{"embeddable":true,"href":"https:\/\/evastrepp.de\/de\/wp-json\/wp\/v2\/comments?post=1725"}],"version-history":[{"count":0,"href":"https:\/\/evastrepp.de\/de\/wp-json\/wp\/v2\/pages\/1725\/revisions"}],"up":[{"embeddable":true,"href":"https:\/\/evastrepp.de\/de\/wp-json\/wp\/v2\/pages\/216"}],"wp:attachment":[{"href":"https:\/\/evastrepp.de\/de\/wp-json\/wp\/v2\/media?parent=1725"}],"curies":[{"name":"wp","href":"https:\/\/api.w.org\/{rel}","templated":true}]}}