{"id":1723,"date":"2020-08-22T14:18:00","date_gmt":"2020-08-22T12:18:00","guid":{"rendered":"http:\/\/localhost:8888\/?page_id=1723"},"modified":"2022-02-16T12:45:29","modified_gmt":"2022-02-16T11:45:29","slug":"statement","status":"publish","type":"page","link":"https:\/\/evastrepp.de\/de\/ueber-uns\/statement\/","title":{"rendered":"statement"},"content":{"rendered":"\t\t<div data-elementor-type=\"wp-page\" data-elementor-id=\"1723\" class=\"elementor elementor-1723\" data-elementor-post-type=\"page\">\n\t\t\t\t\t\t<section class=\"elementor-section elementor-top-section elementor-element elementor-element-1ce75a9 elementor-section-boxed elementor-section-height-default elementor-section-height-default\" data-id=\"1ce75a9\" data-element_type=\"section\" data-e-type=\"section\">\n\t\t\t\t\t\t<div class=\"elementor-container elementor-column-gap-default\">\n\t\t\t\t\t<div class=\"elementor-column elementor-col-100 elementor-top-column elementor-element elementor-element-39ce577\" data-id=\"39ce577\" data-element_type=\"column\" data-e-type=\"column\">\n\t\t\t<div class=\"elementor-widget-wrap elementor-element-populated\">\n\t\t\t\t\t\t<div class=\"elementor-element elementor-element-478d01e elementor-widget elementor-widget-heading\" data-id=\"478d01e\" data-element_type=\"widget\" data-e-type=\"widget\" data-widget_type=\"heading.default\">\n\t\t\t\t<div class=\"elementor-widget-container\">\n\t\t\t\t\t<h2 class=\"elementor-heading-title elementor-size-default\">im schnittpunkt von traum und wirklichkeit ruht eine perle. <\/h2>\t\t\t\t<\/div>\n\t\t\t\t<\/div>\n\t\t\t\t<div class=\"elementor-element elementor-element-1825a93 elementor-widget elementor-widget-text-editor\" data-id=\"1825a93\" data-element_type=\"widget\" data-e-type=\"widget\" data-widget_type=\"text-editor.default\">\n\t\t\t\t<div class=\"elementor-widget-container\">\n\t\t\t\t\t\t\t\t\t<p>die ideen f\u00fcr meine schmuckst\u00fccke m\u00fcssen ganz einfach sein.<\/p><p>einfache prinzipien, klare formen.<\/p><p>die perlen, die ich verwende, machen es mir leicht:<br \/>vollkommene, runde k\u00f6rper, schicht um schicht gewachsen \u2013<br \/>keine ecken oder kanten, die eine richtung festlegen.<br \/>sie sind nach allen seiten gleich. strahlend sch\u00f6ne lichtpunkte.<\/p><p>der weg von der ersten idee zum schmuck ist manchmal lang &#8211;<br \/>so lang, bis alles umst\u00e4ndliche und \u00fcberfl\u00fcssige abgestreift ist,<br \/>oder \u00fcberraschend etwas anderes entsteht.<br \/>mein schmuck ist leicht und gut zu tragen, ein gl\u00e4nzender begleiter.<\/p>\t\t\t\t\t\t\t\t<\/div>\n\t\t\t\t<\/div>\n\t\t\t\t\t<\/div>\n\t\t<\/div>\n\t\t\t\t\t<\/div>\n\t\t<\/section>\n\t\t\t\t<\/div>\n\t\t","protected":false},"excerpt":{"rendered":"<p>im schnittpunkt von traum und wirklichkeit ruht eine perle. die ideen f\u00fcr meine schmuckst\u00fccke m\u00fcssen ganz einfach sein. einfache prinzipien, klare formen. die perlen, die ich verwende, machen es mir leicht: vollkommene, runde k\u00f6rper, schicht um schicht gewachsen \u2013 keine ecken oder kanten, die eine richtung festlegen. sie sind nach allen seiten gleich. strahlend sch\u00f6ne [&hellip;]<\/p>\n","protected":false},"author":1,"featured_media":0,"parent":216,"menu_order":1,"comment_status":"closed","ping_status":"closed","template":"","meta":{"footnotes":""},"class_list":["post-1723","page","type-page","status-publish","hentry","wpbf-post"],"yoast_head":"<!-- This site is optimized with the Yoast SEO plugin v27.2 - https:\/\/yoast.com\/product\/yoast-seo-wordpress\/ -->\n<title>perlenschmuck evastrepp keltern | \u00fcber uns - statement<\/title>\n<meta name=\"description\" content=\"Der Perlenschmuck von Eva Strepp ist leicht und gut zu tragen, ein gl\u00e4nzender und stillvoller Begleiter, die Perle f\u00fcr Jeden.\" \/>\n<meta name=\"robots\" content=\"index, follow, max-snippet:-1, max-image-preview:large, max-video-preview:-1\" \/>\n<link rel=\"canonical\" href=\"https:\/\/evastrepp.de\/de\/ueber-uns\/statement\/\" \/>\n<meta property=\"og:locale\" content=\"de_DE\" \/>\n<meta property=\"og:type\" content=\"article\" \/>\n<meta property=\"og:title\" content=\"perlenschmuck evastrepp keltern | \u00fcber uns - statement\" \/>\n<meta property=\"og:description\" content=\"Der Perlenschmuck von Eva Strepp ist leicht und gut zu tragen, ein gl\u00e4nzender und stillvoller Begleiter, die Perle f\u00fcr Jeden.\" \/>\n<meta property=\"og:url\" content=\"https:\/\/evastrepp.de\/de\/ueber-uns\/statement\/\" \/>\n<meta property=\"og:site_name\" content=\"evastrepp\" \/>\n<meta property=\"article:modified_time\" content=\"2022-02-16T11:45:29+00:00\" \/>\n<meta property=\"og:image\" content=\"https:\/\/evastrepp.de\/wp-content\/uploads\/2022\/02\/8ES_r_loop_l-au-r.jpg\" \/>\n\t<meta property=\"og:image:width\" content=\"1024\" \/>\n\t<meta property=\"og:image:height\" content=\"1359\" \/>\n\t<meta property=\"og:image:type\" content=\"image\/jpeg\" \/>\n<meta name=\"twitter:card\" content=\"summary_large_image\" \/>\n<meta name=\"twitter:label1\" content=\"Gesch\u00e4tzte Lesezeit\" \/>\n\t<meta name=\"twitter:data1\" content=\"1\u00a0Minute\" \/>\n<script type=\"application\/ld+json\" class=\"yoast-schema-graph\">{\"@context\":\"https:\/\/schema.org\",\"@graph\":[{\"@type\":\"WebPage\",\"@id\":\"https:\/\/evastrepp.de\/ueber-uns\/statement\/\",\"url\":\"https:\/\/evastrepp.de\/ueber-uns\/statement\/\",\"name\":\"perlenschmuck evastrepp keltern | \u00fcber uns - statement\",\"isPartOf\":{\"@id\":\"https:\/\/evastrepp.de\/de\/#website\"},\"datePublished\":\"2020-08-22T12:18:00+00:00\",\"dateModified\":\"2022-02-16T11:45:29+00:00\",\"description\":\"Der Perlenschmuck von Eva Strepp ist leicht und gut zu tragen, ein gl\u00e4nzender und stillvoller Begleiter, die Perle f\u00fcr Jeden.\",\"breadcrumb\":{\"@id\":\"https:\/\/evastrepp.de\/ueber-uns\/statement\/#breadcrumb\"},\"inLanguage\":\"de\",\"potentialAction\":[{\"@type\":\"ReadAction\",\"target\":[\"https:\/\/evastrepp.de\/ueber-uns\/statement\/\"]}]},{\"@type\":\"BreadcrumbList\",\"@id\":\"https:\/\/evastrepp.de\/ueber-uns\/statement\/#breadcrumb\",\"itemListElement\":[{\"@type\":\"ListItem\",\"position\":1,\"name\":\"Startseite\",\"item\":\"https:\/\/evastrepp.de\/\"},{\"@type\":\"ListItem\",\"position\":2,\"name\":\"\u00dcber uns\",\"item\":\"https:\/\/evastrepp.de\/ueber-uns\/\"},{\"@type\":\"ListItem\",\"position\":3,\"name\":\"statement\"}]},{\"@type\":\"WebSite\",\"@id\":\"https:\/\/evastrepp.de\/de\/#website\",\"url\":\"https:\/\/evastrepp.de\/de\/\",\"name\":\"evastrepp\",\"description\":\"perlenschmuck, schmuckdesign\",\"potentialAction\":[{\"@type\":\"SearchAction\",\"target\":{\"@type\":\"EntryPoint\",\"urlTemplate\":\"https:\/\/evastrepp.de\/de\/?s={search_term_string}\"},\"query-input\":{\"@type\":\"PropertyValueSpecification\",\"valueRequired\":true,\"valueName\":\"search_term_string\"}}],\"inLanguage\":\"de\"}]}<\/script>\n<!-- \/ Yoast SEO plugin. -->","yoast_head_json":{"title":"perlenschmuck evastrepp keltern | \u00fcber uns - statement","description":"Der Perlenschmuck von Eva Strepp ist leicht und gut zu tragen, ein gl\u00e4nzender und stillvoller Begleiter, die Perle f\u00fcr Jeden.","robots":{"index":"index","follow":"follow","max-snippet":"max-snippet:-1","max-image-preview":"max-image-preview:large","max-video-preview":"max-video-preview:-1"},"canonical":"https:\/\/evastrepp.de\/de\/ueber-uns\/statement\/","og_locale":"de_DE","og_type":"article","og_title":"perlenschmuck evastrepp keltern | \u00fcber uns - statement","og_description":"Der Perlenschmuck von Eva Strepp ist leicht und gut zu tragen, ein gl\u00e4nzender und stillvoller Begleiter, die Perle f\u00fcr Jeden.","og_url":"https:\/\/evastrepp.de\/de\/ueber-uns\/statement\/","og_site_name":"evastrepp","article_modified_time":"2022-02-16T11:45:29+00:00","og_image":[{"width":1024,"height":1359,"url":"https:\/\/evastrepp.de\/wp-content\/uploads\/2022\/02\/8ES_r_loop_l-au-r.jpg","type":"image\/jpeg"}],"twitter_card":"summary_large_image","twitter_misc":{"Gesch\u00e4tzte Lesezeit":"1\u00a0Minute"},"schema":{"@context":"https:\/\/schema.org","@graph":[{"@type":"WebPage","@id":"https:\/\/evastrepp.de\/ueber-uns\/statement\/","url":"https:\/\/evastrepp.de\/ueber-uns\/statement\/","name":"perlenschmuck evastrepp keltern | \u00fcber uns - statement","isPartOf":{"@id":"https:\/\/evastrepp.de\/de\/#website"},"datePublished":"2020-08-22T12:18:00+00:00","dateModified":"2022-02-16T11:45:29+00:00","description":"Der Perlenschmuck von Eva Strepp ist leicht und gut zu tragen, ein gl\u00e4nzender und stillvoller Begleiter, die Perle f\u00fcr Jeden.","breadcrumb":{"@id":"https:\/\/evastrepp.de\/ueber-uns\/statement\/#breadcrumb"},"inLanguage":"de","potentialAction":[{"@type":"ReadAction","target":["https:\/\/evastrepp.de\/ueber-uns\/statement\/"]}]},{"@type":"BreadcrumbList","@id":"https:\/\/evastrepp.de\/ueber-uns\/statement\/#breadcrumb","itemListElement":[{"@type":"ListItem","position":1,"name":"Startseite","item":"https:\/\/evastrepp.de\/"},{"@type":"ListItem","position":2,"name":"\u00dcber uns","item":"https:\/\/evastrepp.de\/ueber-uns\/"},{"@type":"ListItem","position":3,"name":"statement"}]},{"@type":"WebSite","@id":"https:\/\/evastrepp.de\/de\/#website","url":"https:\/\/evastrepp.de\/de\/","name":"evastrepp","description":"perlenschmuck, schmuckdesign","potentialAction":[{"@type":"SearchAction","target":{"@type":"EntryPoint","urlTemplate":"https:\/\/evastrepp.de\/de\/?s={search_term_string}"},"query-input":{"@type":"PropertyValueSpecification","valueRequired":true,"valueName":"search_term_string"}}],"inLanguage":"de"}]}},"_links":{"self":[{"href":"https:\/\/evastrepp.de\/de\/wp-json\/wp\/v2\/pages\/1723","targetHints":{"allow":["GET"]}}],"collection":[{"href":"https:\/\/evastrepp.de\/de\/wp-json\/wp\/v2\/pages"}],"about":[{"href":"https:\/\/evastrepp.de\/de\/wp-json\/wp\/v2\/types\/page"}],"author":[{"embeddable":true,"href":"https:\/\/evastrepp.de\/de\/wp-json\/wp\/v2\/users\/1"}],"replies":[{"embeddable":true,"href":"https:\/\/evastrepp.de\/de\/wp-json\/wp\/v2\/comments?post=1723"}],"version-history":[{"count":0,"href":"https:\/\/evastrepp.de\/de\/wp-json\/wp\/v2\/pages\/1723\/revisions"}],"up":[{"embeddable":true,"href":"https:\/\/evastrepp.de\/de\/wp-json\/wp\/v2\/pages\/216"}],"wp:attachment":[{"href":"https:\/\/evastrepp.de\/de\/wp-json\/wp\/v2\/media?parent=1723"}],"curies":[{"name":"wp","href":"https:\/\/api.w.org\/{rel}","templated":true}]}}