{"id":1370,"date":"2020-08-20T13:14:20","date_gmt":"2020-08-20T11:14:20","guid":{"rendered":"http:\/\/localhost:8888\/?page_id=1370"},"modified":"2026-02-02T09:57:04","modified_gmt":"2026-02-02T08:57:04","slug":"startseite","status":"publish","type":"page","link":"https:\/\/evastrepp.de\/de\/","title":{"rendered":"Startseite"},"content":{"rendered":"\t\t<div data-elementor-type=\"wp-page\" data-elementor-id=\"1370\" class=\"elementor elementor-1370\" data-elementor-post-type=\"page\">\n\t\t\t\t\t\t<section class=\"elementor-section elementor-top-section elementor-element elementor-element-d21fae6 elementor-section-stretched elementor-section-full_width elementor-section-height-full elementor-section-items-top elementor-section-content-top elementor-section-height-default\" data-id=\"d21fae6\" data-element_type=\"section\" data-e-type=\"section\" id=\"flexslider\" data-settings=\"{&quot;stretch_section&quot;:&quot;section-stretched&quot;,&quot;background_background&quot;:&quot;classic&quot;}\">\n\t\t\t\t\t\t<div class=\"elementor-container elementor-column-gap-no\">\n\t\t\t\t\t<div class=\"elementor-column elementor-col-100 elementor-top-column elementor-element elementor-element-0d9dac2\" data-id=\"0d9dac2\" data-element_type=\"column\" data-e-type=\"column\">\n\t\t\t<div class=\"elementor-widget-wrap elementor-element-populated\">\n\t\t\t\t\t\t<div class=\"elementor-element elementor-element-007b1dd elementor--h-position-center elementor--v-position-middle elementor-widget elementor-widget-slides\" data-id=\"007b1dd\" data-element_type=\"widget\" data-e-type=\"widget\" id=\"flexslider\" data-settings=\"{&quot;navigation&quot;:&quot;none&quot;,&quot;transition&quot;:&quot;fade&quot;,&quot;autoplay&quot;:&quot;yes&quot;,&quot;pause_on_hover&quot;:&quot;yes&quot;,&quot;pause_on_interaction&quot;:&quot;yes&quot;,&quot;autoplay_speed&quot;:5000,&quot;transition_speed&quot;:500}\" data-widget_type=\"slides.default\">\n\t\t\t\t<div class=\"elementor-widget-container\">\n\t\t\t\t\t\t\t\t\t<div class=\"elementor-swiper\">\n\t\t\t\t\t<div class=\"elementor-slides-wrapper elementor-main-swiper swiper\" role=\"region\" aria-roledescription=\"carousel\" aria-label=\"Slider\" dir=\"ltr\" data-animation=\"\">\n\t\t\t\t<div class=\"swiper-wrapper elementor-slides\">\n\t\t\t\t\t\t\t\t\t\t<div class=\"elementor-repeater-item-e564af3 swiper-slide\" role=\"group\" aria-roledescription=\"slide\"><div class=\"swiper-slide-bg\" role=\"img\" aria-label=\"Model_rosa_header_v2 Kopie\"><\/div><div class=\"swiper-slide-inner\" ><div class=\"swiper-slide-contents\"><div class=\"elementor-slide-description\">\n<\/div><\/div><\/div><\/div>\t\t\t\t<\/div>\n\t\t\t\t\t\t\t<\/div>\n\t\t\t\t<\/div>\n\t\t\t\t\t\t\t\t<\/div>\n\t\t\t\t<\/div>\n\t\t\t\t<div class=\"elementor-element elementor-element-d654482 elementor-widget__width-auto elementor-absolute premium-modal-dismissible-yes elementor-widget elementor-widget-premium-addon-modal-box\" data-id=\"d654482\" data-element_type=\"widget\" data-e-type=\"widget\" data-settings=\"{&quot;_position&quot;:&quot;absolute&quot;,&quot;_animation&quot;:&quot;none&quot;,&quot;premium_modal_box_animation&quot;:&quot;fadeInDown&quot;}\" data-widget_type=\"premium-addon-modal-box.default\">\n\t\t\t\t<div class=\"elementor-widget-container\">\n\t\t\t\t\t\r\n\t\t<div class=\"premium-modal-box-container\" data-settings=\"{&quot;trigger&quot;:&quot;button&quot;,&quot;show_on_exit&quot;:false}\">\r\n\t\t\t<div class=\"premium-modal-trigger-container\">\r\n\t\t\t\t\t\t\t\t\t<button data-toggle=\"premium-modal\" data-target=\"#premium-modal-d654482\" type=\"button\" class=\"premium-modal-trigger-btn premium-btn-lg premium-button-none \" data-text=\"\">\r\n\r\n\t\t\t\t\t\t<svg xmlns=\"http:\/\/www.w3.org\/2000\/svg\" width=\"59\" height=\"59\" viewBox=\"0 0 59 59\"><g transform=\"translate(-1100 -55.001)\" style=\"isolation:isolate\"><path d=\"M-9852.5,699a29.31,29.31,0,0,1-11.481-2.318,29.4,29.4,0,0,1-9.378-6.322,29.41,29.41,0,0,1-6.322-9.377A29.323,29.323,0,0,1-9882,669.5a29.326,29.326,0,0,1,2.318-11.483,29.407,29.407,0,0,1,6.322-9.377,29.4,29.4,0,0,1,9.378-6.322A29.314,29.314,0,0,1-9852.5,640a29.316,29.316,0,0,1,11.482,2.318,29.407,29.407,0,0,1,9.377,6.322,29.377,29.377,0,0,1,6.322,9.377A29.326,29.326,0,0,1-9823,669.5a29.322,29.322,0,0,1-2.318,11.482,29.378,29.378,0,0,1-6.322,9.377,29.4,29.4,0,0,1-9.377,6.322A29.312,29.312,0,0,1-9852.5,699Zm1.691-35.517-7.284,2.868V668l3.713.424c.092,1.83.142,3.316.142,5.922v2.349c0,2.779-.079,6.751-.095,7.52l-3.479.66v1.691h10.905V684.87l-3.244-.66c-.022-1.1-.092-4.9-.092-7.52v-6.344l.139-6.394-.7-.469Zm-1.458-11.046a2.947,2.947,0,0,0-3.147,3.008,3.013,3.013,0,0,0,3.147,3.008,3.231,3.231,0,0,0,2.228-.852,2.921,2.921,0,0,0,.922-2.156A2.98,2.98,0,0,0-9852.267,652.438Z\" transform=\"translate(10982 -585)\" fill=\"#96b0dd\"><\/path><\/g><\/svg>\r\n\t\t\t\t\t\t<div class=\"premium-button-text-icon-wrapper\">\r\n\t\t\t\t\t\t\t<span><\/span>\r\n\t\t\t\t\t\t<\/div>\r\n\r\n\t\t\t\t\t\t\r\n\t\t\t\t\t\t\r\n\t\t\t\t\t\t\r\n\t\t\t\t\t<\/button>\r\n\t\t\t\t\t\t\t<\/div>\r\n\r\n\t\t\t<div id=\"premium-modal-d654482\" class=\"premium-modal-box-modal\"\r\n\t\t\trole=\"dialog\"\r\n\t\t\tstyle=\"display: none\"\r\n\t\t\t>\r\n\t\t\t\t<div class=\"premium-modal-box-modal-dialog\" data-delay-animation=\"\" data-modal-animation=\"fadeInDown animated-fast\">\r\n\t\t\t\t\t\t\t\t\t\t<div class=\"premium-modal-box-modal-body\">\r\n\t\t\t\t\t\t\t\t\t\t\t\t\t<p>serie star, edelstahl und silber rhodiniert, s\u00fc\u00dfwasserperlen, brillanten<\/p>\r\n\t\t\t\t\t\t\t\t\t\t\t<\/div>\r\n\t\t\t\t\t\t\t\t\t<\/div>\r\n\t\t\t<\/div>\r\n\t\t<\/div>\r\n\t\t\t\t\t\t<\/div>\n\t\t\t\t<\/div>\n\t\t\t\t\t<\/div>\n\t\t<\/div>\n\t\t\t\t\t<\/div>\n\t\t<\/section>\n\t\t\t\t<div class=\"elementor-section elementor-top-section elementor-element elementor-element-12294ce elementor-section-content-middle elementor-section-boxed elementor-section-height-default elementor-section-height-default\" data-id=\"12294ce\" data-element_type=\"section\" data-e-type=\"section\" data-settings=\"{&quot;background_background&quot;:&quot;classic&quot;}\">\n\t\t\t\t\t\t<div class=\"elementor-container elementor-column-gap-no\">\n\t\t\t\t\t<div class=\"elementor-column elementor-col-100 elementor-top-column elementor-element elementor-element-718e9fb\" data-id=\"718e9fb\" data-element_type=\"column\" data-e-type=\"column\">\n\t\t\t<div class=\"elementor-widget-wrap elementor-element-populated\">\n\t\t\t\t\t\t<div class=\"elementor-element elementor-element-d19ee91 elementor-widget__width-initial elementor-fixed elementor-widget elementor-widget-text-editor\" data-id=\"d19ee91\" data-element_type=\"widget\" data-e-type=\"widget\" data-settings=\"{&quot;_position&quot;:&quot;fixed&quot;}\" data-widget_type=\"text-editor.default\">\n\t\t\t\t<div class=\"elementor-widget-container\">\n\t\t\t\t\t\t\t\t\t<div class=\"elementor-element elementor-element-eeed218 elementor-widget__width-initial elementor-widget-mobile__width-auto elementor-absolute elementor-widget elementor-widget-text-editor\" data-id=\"eeed218\" data-element_type=\"widget\" data-settings=\"{&quot;_position&quot;:&quot;absolute&quot;}\" data-widget_type=\"text-editor.default\"><div class=\"elementor-widget-container\"><div class=\"elementor-text-editor elementor-clearfix\"><p>jedes unserer schmuckst\u00fccke wird in unserem atelier einzeln von hand gefertigt.<\/p><\/div><\/div><\/div>\t\t\t\t\t\t\t\t<\/div>\n\t\t\t\t<\/div>\n\t\t\t\t\t<\/div>\n\t\t<\/div>\n\t\t\t\t\t<\/div>\n\t\t<\/div>\n\t\t\t\t<\/div>\n\t\t","protected":false},"excerpt":{"rendered":"<p>serie star, edelstahl und silber rhodiniert, s\u00fc\u00dfwasserperlen, brillanten jedes unserer schmuckst\u00fccke wird in unserem atelier einzeln von hand gefertigt.<\/p>\n","protected":false},"author":1,"featured_media":0,"parent":0,"menu_order":1,"comment_status":"closed","ping_status":"closed","template":"elementor_header_footer","meta":{"footnotes":""},"class_list":["post-1370","page","type-page","status-publish","hentry","wpbf-post"],"yoast_head":"<!-- This site is optimized with the Yoast SEO plugin v27.2 - https:\/\/yoast.com\/product\/yoast-seo-wordpress\/ -->\n<title>eva strepp | perlenschmuck keltern baden-w\u00fcrttemberg<\/title>\n<meta name=\"description\" content=\"Eva Strepp Perlenschmuck - die Schmuckmanufaktur aus Keltern in Baden-W\u00fcrttemberg steht f\u00fcr zeitloses klares Design rund um die Perle.\" \/>\n<meta name=\"robots\" content=\"index, follow, max-snippet:-1, max-image-preview:large, max-video-preview:-1\" \/>\n<link rel=\"canonical\" href=\"https:\/\/evastrepp.de\/de\/\" \/>\n<meta property=\"og:locale\" content=\"de_DE\" \/>\n<meta property=\"og:type\" content=\"article\" \/>\n<meta property=\"og:title\" content=\"eva strepp | perlenschmuck keltern baden-w\u00fcrttemberg\" \/>\n<meta property=\"og:description\" content=\"Eva Strepp Perlenschmuck - die Schmuckmanufaktur aus Keltern in Baden-W\u00fcrttemberg steht f\u00fcr zeitloses klares Design rund um die Perle.\" \/>\n<meta property=\"og:url\" content=\"https:\/\/evastrepp.de\/de\/\" \/>\n<meta property=\"og:site_name\" content=\"evastrepp\" \/>\n<meta property=\"article:modified_time\" content=\"2026-02-02T08:57:04+00:00\" \/>\n<meta name=\"twitter:card\" content=\"summary_large_image\" \/>\n<meta name=\"twitter:label1\" content=\"Gesch\u00e4tzte Lesezeit\" \/>\n\t<meta name=\"twitter:data1\" content=\"1\u00a0Minute\" \/>\n<script type=\"application\/ld+json\" class=\"yoast-schema-graph\">{\"@context\":\"https:\/\/schema.org\",\"@graph\":[{\"@type\":\"WebPage\",\"@id\":\"https:\/\/evastrepp.de\/\",\"url\":\"https:\/\/evastrepp.de\/\",\"name\":\"eva strepp | perlenschmuck keltern baden-w\u00fcrttemberg\",\"isPartOf\":{\"@id\":\"https:\/\/evastrepp.de\/de\/#website\"},\"datePublished\":\"2020-08-20T11:14:20+00:00\",\"dateModified\":\"2026-02-02T08:57:04+00:00\",\"description\":\"Eva Strepp Perlenschmuck - die Schmuckmanufaktur aus Keltern in Baden-W\u00fcrttemberg steht f\u00fcr zeitloses klares Design rund um die Perle.\",\"breadcrumb\":{\"@id\":\"https:\/\/evastrepp.de\/#breadcrumb\"},\"inLanguage\":\"de\",\"potentialAction\":[{\"@type\":\"ReadAction\",\"target\":[\"https:\/\/evastrepp.de\/\"]}]},{\"@type\":\"BreadcrumbList\",\"@id\":\"https:\/\/evastrepp.de\/#breadcrumb\",\"itemListElement\":[{\"@type\":\"ListItem\",\"position\":1,\"name\":\"Startseite\",\"item\":\"https:\/\/evastrepp.de\/\"},{\"@type\":\"ListItem\",\"position\":2,\"name\":\"Startseite\"}]},{\"@type\":\"WebSite\",\"@id\":\"https:\/\/evastrepp.de\/de\/#website\",\"url\":\"https:\/\/evastrepp.de\/de\/\",\"name\":\"evastrepp\",\"description\":\"perlenschmuck, schmuckdesign\",\"potentialAction\":[{\"@type\":\"SearchAction\",\"target\":{\"@type\":\"EntryPoint\",\"urlTemplate\":\"https:\/\/evastrepp.de\/de\/?s={search_term_string}\"},\"query-input\":{\"@type\":\"PropertyValueSpecification\",\"valueRequired\":true,\"valueName\":\"search_term_string\"}}],\"inLanguage\":\"de\"}]}<\/script>\n<!-- \/ Yoast SEO plugin. -->","yoast_head_json":{"title":"eva strepp | perlenschmuck keltern baden-w\u00fcrttemberg","description":"Eva Strepp Perlenschmuck - die Schmuckmanufaktur aus Keltern in Baden-W\u00fcrttemberg steht f\u00fcr zeitloses klares Design rund um die Perle.","robots":{"index":"index","follow":"follow","max-snippet":"max-snippet:-1","max-image-preview":"max-image-preview:large","max-video-preview":"max-video-preview:-1"},"canonical":"https:\/\/evastrepp.de\/de\/","og_locale":"de_DE","og_type":"article","og_title":"eva strepp | perlenschmuck keltern baden-w\u00fcrttemberg","og_description":"Eva Strepp Perlenschmuck - die Schmuckmanufaktur aus Keltern in Baden-W\u00fcrttemberg steht f\u00fcr zeitloses klares Design rund um die Perle.","og_url":"https:\/\/evastrepp.de\/de\/","og_site_name":"evastrepp","article_modified_time":"2026-02-02T08:57:04+00:00","twitter_card":"summary_large_image","twitter_misc":{"Gesch\u00e4tzte Lesezeit":"1\u00a0Minute"},"schema":{"@context":"https:\/\/schema.org","@graph":[{"@type":"WebPage","@id":"https:\/\/evastrepp.de\/","url":"https:\/\/evastrepp.de\/","name":"eva strepp | perlenschmuck keltern baden-w\u00fcrttemberg","isPartOf":{"@id":"https:\/\/evastrepp.de\/de\/#website"},"datePublished":"2020-08-20T11:14:20+00:00","dateModified":"2026-02-02T08:57:04+00:00","description":"Eva Strepp Perlenschmuck - die Schmuckmanufaktur aus Keltern in Baden-W\u00fcrttemberg steht f\u00fcr zeitloses klares Design rund um die Perle.","breadcrumb":{"@id":"https:\/\/evastrepp.de\/#breadcrumb"},"inLanguage":"de","potentialAction":[{"@type":"ReadAction","target":["https:\/\/evastrepp.de\/"]}]},{"@type":"BreadcrumbList","@id":"https:\/\/evastrepp.de\/#breadcrumb","itemListElement":[{"@type":"ListItem","position":1,"name":"Startseite","item":"https:\/\/evastrepp.de\/"},{"@type":"ListItem","position":2,"name":"Startseite"}]},{"@type":"WebSite","@id":"https:\/\/evastrepp.de\/de\/#website","url":"https:\/\/evastrepp.de\/de\/","name":"evastrepp","description":"perlenschmuck, schmuckdesign","potentialAction":[{"@type":"SearchAction","target":{"@type":"EntryPoint","urlTemplate":"https:\/\/evastrepp.de\/de\/?s={search_term_string}"},"query-input":{"@type":"PropertyValueSpecification","valueRequired":true,"valueName":"search_term_string"}}],"inLanguage":"de"}]}},"_links":{"self":[{"href":"https:\/\/evastrepp.de\/de\/wp-json\/wp\/v2\/pages\/1370","targetHints":{"allow":["GET"]}}],"collection":[{"href":"https:\/\/evastrepp.de\/de\/wp-json\/wp\/v2\/pages"}],"about":[{"href":"https:\/\/evastrepp.de\/de\/wp-json\/wp\/v2\/types\/page"}],"author":[{"embeddable":true,"href":"https:\/\/evastrepp.de\/de\/wp-json\/wp\/v2\/users\/1"}],"replies":[{"embeddable":true,"href":"https:\/\/evastrepp.de\/de\/wp-json\/wp\/v2\/comments?post=1370"}],"version-history":[{"count":12,"href":"https:\/\/evastrepp.de\/de\/wp-json\/wp\/v2\/pages\/1370\/revisions"}],"predecessor-version":[{"id":5151,"href":"https:\/\/evastrepp.de\/de\/wp-json\/wp\/v2\/pages\/1370\/revisions\/5151"}],"wp:attachment":[{"href":"https:\/\/evastrepp.de\/de\/wp-json\/wp\/v2\/media?parent=1370"}],"curies":[{"name":"wp","href":"https:\/\/api.w.org\/{rel}","templated":true}]}}